{"id":21,"date":"2022-09-12T01:39:25","date_gmt":"2022-09-11T23:39:25","guid":{"rendered":"https:\/\/bagfed.dubail.ml\/?page_id=21"},"modified":"2023-03-07T17:32:14","modified_gmt":"2023-03-07T16:32:14","slug":"homebio","status":"publish","type":"page","link":"https:\/\/www.bagfed.net\/?page_id=21","title":{"rendered":"Latest Release"},"content":{"rendered":"\n<p>\u00ab\u00a0Brand New Souls\u00a0\u00bb (8 track album)<\/p>\n\n\n\n<div class=\"wp-block-columns is-layout-flex wp-container-core-columns-is-layout-9d6595d7 wp-block-columns-is-layout-flex\">\n<div class=\"wp-block-column is-layout-flow wp-block-column-is-layout-flow\">\n<div id=\"product-component-1678203295204\"><\/div>\n<script type=\"text\/javascript\">\n\/*<![CDATA[*\/\n(function () {\n  var scriptURL = 'https:\/\/sdks.shopifycdn.com\/buy-button\/latest\/buy-button-storefront.min.js';\n  if (window.ShopifyBuy) {\n    if (window.ShopifyBuy.UI) {\n      ShopifyBuyInit();\n    } else {\n      loadScript();\n    }\n  } else {\n    loadScript();\n  }\n  function loadScript() {\n    var script = document.createElement('script');\n    script.async = true;\n    script.src = scriptURL;\n    (document.getElementsByTagName('head')[0] || document.getElementsByTagName('body')[0]).appendChild(script);\n    script.onload = ShopifyBuyInit;\n  }\n  function ShopifyBuyInit() {\n    var client = ShopifyBuy.buildClient({\n      domain: 'bagfed.myshopify.com',\n      storefrontAccessToken: 'f29bcff3996800cc8089eb7de85fc505',\n    });\n    ShopifyBuy.UI.onReady(client).then(function (ui) {\n      ui.createComponent('product', {\n        id: '8275668402505',\n        node: document.getElementById('product-component-1678203295204'),\n        moneyFormat: '%E2%82%AC%7B%7Bamount_with_comma_separator%7D%7D',\n        options: {\n  \"product\": {\n    \"styles\": {\n      \"product\": {\n        \"@media (min-width: 601px)\": {\n          \"max-width\": \"calc(25% - 20px)\",\n          \"margin-left\": \"20px\",\n          \"margin-bottom\": \"50px\"\n        }\n      },\n      \"button\": {\n        \":hover\": {\n          \"background-color\": \"#003a7f\"\n        },\n        \"background-color\": \"#00408d\",\n        \":focus\": {\n          \"background-color\": \"#003a7f\"\n        }\n      }\n    },\n    \"text\": {\n      \"button\": \"Buy Now\"\n    }\n  },\n  \"productSet\": {\n    \"styles\": {\n      \"products\": {\n        \"@media (min-width: 601px)\": {\n          \"margin-left\": \"-20px\"\n        }\n      }\n    }\n  },\n  \"modalProduct\": {\n    \"contents\": {\n      \"img\": false,\n      \"imgWithCarousel\": true,\n      \"button\": false,\n      \"buttonWithQuantity\": true\n    },\n    \"styles\": {\n      \"product\": {\n        \"@media (min-width: 601px)\": {\n          \"max-width\": \"100%\",\n          \"margin-left\": \"0px\",\n          \"margin-bottom\": \"0px\"\n        }\n      },\n      \"button\": {\n        \":hover\": {\n          \"background-color\": \"#003a7f\"\n        },\n        \"background-color\": \"#00408d\",\n        \":focus\": {\n          \"background-color\": \"#003a7f\"\n        }\n      }\n    },\n    \"text\": {\n      \"button\": \"Add to cart\"\n    }\n  },\n  \"option\": {},\n  \"cart\": {\n    \"styles\": {\n      \"button\": {\n        \":hover\": {\n          \"background-color\": \"#003a7f\"\n        },\n        \"background-color\": \"#00408d\",\n        \":focus\": {\n          \"background-color\": \"#003a7f\"\n        }\n      }\n    },\n    \"text\": {\n      \"total\": \"Subtotal\",\n      \"button\": \"Checkout\"\n    }\n  },\n  \"toggle\": {\n    \"styles\": {\n      \"toggle\": {\n        \"background-color\": \"#00408d\",\n        \":hover\": {\n          \"background-color\": \"#003a7f\"\n        },\n        \":focus\": {\n          \"background-color\": \"#003a7f\"\n        }\n      }\n    }\n  }\n},\n      });\n    });\n  }\n})();\n\/*]]>*\/\n<\/script>\n<\/div>\n\n\n\n<div class=\"wp-block-column is-layout-flow wp-block-column-is-layout-flow\">\n<div id=\"product-component-1678203405288\"><\/div>\n<script type=\"text\/javascript\">\n\/*<![CDATA[*\/\n(function () {\n  var scriptURL = 'https:\/\/sdks.shopifycdn.com\/buy-button\/latest\/buy-button-storefront.min.js';\n  if (window.ShopifyBuy) {\n    if (window.ShopifyBuy.UI) {\n      ShopifyBuyInit();\n    } else {\n      loadScript();\n    }\n  } else {\n    loadScript();\n  }\n  function loadScript() {\n    var script = document.createElement('script');\n    script.async = true;\n    script.src = scriptURL;\n    (document.getElementsByTagName('head')[0] || document.getElementsByTagName('body')[0]).appendChild(script);\n    script.onload = ShopifyBuyInit;\n  }\n  function ShopifyBuyInit() {\n    var client = ShopifyBuy.buildClient({\n      domain: 'bagfed.myshopify.com',\n      storefrontAccessToken: 'f29bcff3996800cc8089eb7de85fc505',\n    });\n    ShopifyBuy.UI.onReady(client).then(function (ui) {\n      ui.createComponent('product', {\n        id: '8275668435273',\n        node: document.getElementById('product-component-1678203405288'),\n        moneyFormat: '%E2%82%AC%7B%7Bamount_with_comma_separator%7D%7D',\n        options: {\n  \"product\": {\n    \"styles\": {\n      \"product\": {\n        \"@media (min-width: 601px)\": {\n          \"max-width\": \"calc(25% - 20px)\",\n          \"margin-left\": \"20px\",\n          \"margin-bottom\": \"50px\"\n        }\n      },\n      \"button\": {\n        \":hover\": {\n          \"background-color\": \"#003a7f\"\n        },\n        \"background-color\": \"#00408d\",\n        \":focus\": {\n          \"background-color\": \"#003a7f\"\n        }\n      }\n    },\n    \"text\": {\n      \"button\": \"Buy Now\"\n    }\n  },\n  \"productSet\": {\n    \"styles\": {\n      \"products\": {\n        \"@media (min-width: 601px)\": {\n          \"margin-left\": \"-20px\"\n        }\n      }\n    }\n  },\n  \"modalProduct\": {\n    \"contents\": {\n      \"img\": false,\n      \"imgWithCarousel\": true,\n      \"button\": false,\n      \"buttonWithQuantity\": true\n    },\n    \"styles\": {\n      \"product\": {\n        \"@media (min-width: 601px)\": {\n          \"max-width\": \"100%\",\n          \"margin-left\": \"0px\",\n          \"margin-bottom\": \"0px\"\n        }\n      },\n      \"button\": {\n        \":hover\": {\n          \"background-color\": \"#003a7f\"\n        },\n        \"background-color\": \"#00408d\",\n        \":focus\": {\n          \"background-color\": \"#003a7f\"\n        }\n      }\n    },\n    \"text\": {\n      \"button\": \"Add to cart\"\n    }\n  },\n  \"option\": {},\n  \"cart\": {\n    \"styles\": {\n      \"button\": {\n        \":hover\": {\n          \"background-color\": \"#003a7f\"\n        },\n        \"background-color\": \"#00408d\",\n        \":focus\": {\n          \"background-color\": \"#003a7f\"\n        }\n      }\n    },\n    \"text\": {\n      \"total\": \"Subtotal\",\n      \"button\": \"Checkout\"\n    }\n  },\n  \"toggle\": {\n    \"styles\": {\n      \"toggle\": {\n        \"background-color\": \"#00408d\",\n        \":hover\": {\n          \"background-color\": \"#003a7f\"\n        },\n        \":focus\": {\n          \"background-color\": \"#003a7f\"\n        }\n      }\n    }\n  }\n},\n      });\n    });\n  }\n})();\n\/*]]>*\/\n<\/script>\n<\/div>\n<\/div>\n\n\n<div class=\"wp-playlist wp-audio-playlist wp-playlist-light\">\n\t\t\t<div class=\"wp-playlist-current-item\"><\/div>\n\t\t<audio controls=\"controls\" preload=\"none\" width=\"898\"\n\t\t\t><\/audio>\n\t<div class=\"wp-playlist-next\"><\/div>\n\t<div class=\"wp-playlist-prev\"><\/div>\n\t<noscript>\n\t<ol>\n\t\t<li><a href='https:\/\/www.bagfed.net\/wp-content\/uploads\/2023\/01\/01-Brand-New-Souls.mp3'>01-Brand-New-Souls<\/a><\/li><li><a href='https:\/\/www.bagfed.net\/wp-content\/uploads\/2023\/01\/02-Ubuntu.mp3'>02-Ubuntu<\/a><\/li><li><a href='https:\/\/www.bagfed.net\/wp-content\/uploads\/2023\/01\/03-How-Evil-You-Are.mp3'>How Evil You Are<\/a><\/li><li><a href='https:\/\/www.bagfed.net\/wp-content\/uploads\/2023\/03\/04-Healing-Now.mp3'>Healing Now<\/a><\/li><li><a href='https:\/\/www.bagfed.net\/wp-content\/uploads\/2023\/03\/05-Perdu-sur-locean.mp3'>Perdu sur l'oc\u00e9an<\/a><\/li><li><a href='https:\/\/www.bagfed.net\/wp-content\/uploads\/2023\/03\/06-Partis-pour-la-Vie.mp3'>Partis pour la Vie<\/a><\/li><li><a href='https:\/\/www.bagfed.net\/wp-content\/uploads\/2023\/03\/07-Everything-about-Life.mp3'>Everything about Life<\/a><\/li><li><a href='https:\/\/www.bagfed.net\/wp-content\/uploads\/2023\/03\/08-Ups-and-Downs.mp3'>Ups and Downs<\/a><\/li>\t<\/ol>\n\t<\/noscript>\n\t<script type=\"application\/json\" class=\"wp-playlist-script\">{\"type\":\"audio\",\"tracklist\":true,\"tracknumbers\":true,\"images\":true,\"artists\":true,\"tracks\":[{\"src\":\"https:\/\/www.bagfed.net\/wp-content\/uploads\/2023\/01\/01-Brand-New-Souls.mp3\",\"type\":\"audio\/mpeg\",\"title\":\"01-Brand-New-Souls\",\"caption\":\"\",\"description\":\"\",\"meta\":{\"artist\":\"Bagfed\",\"album\":\"Brand New Souls\",\"year\":\"2022\",\"length_formatted\":\"5:19\"},\"image\":{\"src\":\"https:\/\/i0.wp.com\/www.bagfed.net\/wp-content\/uploads\/2023\/01\/Album-Cover-512x512-1.png?fit=512%2C512&ssl=1\",\"width\":512,\"height\":512},\"thumb\":{\"src\":\"https:\/\/i0.wp.com\/www.bagfed.net\/wp-content\/uploads\/2023\/01\/Album-Cover-512x512-1.png?resize=150%2C150&ssl=1\",\"width\":150,\"height\":150}},{\"src\":\"https:\/\/www.bagfed.net\/wp-content\/uploads\/2023\/01\/02-Ubuntu.mp3\",\"type\":\"audio\/mpeg\",\"title\":\"02-Ubuntu\",\"caption\":\"\",\"description\":\"\",\"meta\":{\"artist\":\"Bagfed\",\"album\":\"Brand New Souls\",\"year\":\"2022\",\"length_formatted\":\"6:30\"},\"image\":{\"src\":\"https:\/\/i0.wp.com\/www.bagfed.net\/wp-content\/uploads\/2023\/01\/Album-Cover-512x512-1.png?fit=512%2C512&ssl=1\",\"width\":512,\"height\":512},\"thumb\":{\"src\":\"https:\/\/i0.wp.com\/www.bagfed.net\/wp-content\/uploads\/2023\/01\/Album-Cover-512x512-1.png?resize=150%2C150&ssl=1\",\"width\":150,\"height\":150}},{\"src\":\"https:\/\/www.bagfed.net\/wp-content\/uploads\/2023\/01\/03-How-Evil-You-Are.mp3\",\"type\":\"audio\/mpeg\",\"title\":\"How Evil You Are\",\"caption\":\"\",\"description\":\"\\u003Ci\\u003EHow Evil You Are\\u003C\/i\\u003E tir\\u00e9 de \\u003Ci\\u003EBrand New Souls\\u003C\/i\\u003E par Bagfed. Date de sortie\\u00a0: 2022. Piste 3.\",\"meta\":{\"artist\":\"Bagfed\",\"album\":\"Brand New Souls\",\"year\":\"2022\",\"length_formatted\":\"5:10\"},\"image\":{\"src\":\"https:\/\/i0.wp.com\/www.bagfed.net\/wp-content\/uploads\/2023\/01\/Album-Cover-512x512-1.png?fit=512%2C512&ssl=1\",\"width\":512,\"height\":512},\"thumb\":{\"src\":\"https:\/\/i0.wp.com\/www.bagfed.net\/wp-content\/uploads\/2023\/01\/Album-Cover-512x512-1.png?resize=150%2C150&ssl=1\",\"width\":150,\"height\":150}},{\"src\":\"https:\/\/www.bagfed.net\/wp-content\/uploads\/2023\/03\/04-Healing-Now.mp3\",\"type\":\"audio\/mpeg\",\"title\":\"Healing Now\",\"caption\":\"\",\"description\":\"\\u003Ci\\u003EHealing Now\\u003C\/i\\u003E tir\\u00e9 de \\u003Ci\\u003EBrand New Souls\\u003C\/i\\u003E par Bagfed. Date de sortie\\u00a0: 2022. Piste 4.\",\"meta\":{\"artist\":\"Bagfed\",\"album\":\"Brand New Souls\",\"year\":\"2022\",\"length_formatted\":\"2:34\"},\"image\":{\"src\":\"https:\/\/i0.wp.com\/www.bagfed.net\/wp-content\/uploads\/2023\/03\/04-Healing-Now-mp3-image.jpg?fit=1200%2C1200&ssl=1\",\"width\":1200,\"height\":1200},\"thumb\":{\"src\":\"https:\/\/i0.wp.com\/www.bagfed.net\/wp-content\/uploads\/2023\/03\/04-Healing-Now-mp3-image.jpg?resize=150%2C150&ssl=1\",\"width\":150,\"height\":150}},{\"src\":\"https:\/\/www.bagfed.net\/wp-content\/uploads\/2023\/03\/05-Perdu-sur-locean.mp3\",\"type\":\"audio\/mpeg\",\"title\":\"Perdu sur l'oc\\u00e9an\",\"caption\":\"\",\"description\":\"\\u003Ci\\u003EPerdu sur l'oc\\u00e9an\\u003C\/i\\u003E tir\\u00e9 de \\u003Ci\\u003EBrand New Souls\\u003C\/i\\u003E par Bagfed. Date de sortie\\u00a0: 2022. Piste 5.\",\"meta\":{\"artist\":\"Bagfed\",\"album\":\"Brand New Souls\",\"year\":\"2022\",\"length_formatted\":\"5:32\"},\"image\":{\"src\":\"https:\/\/i0.wp.com\/www.bagfed.net\/wp-content\/uploads\/2023\/03\/04-Healing-Now-mp3-image.jpg?fit=1200%2C1200&ssl=1\",\"width\":1200,\"height\":1200},\"thumb\":{\"src\":\"https:\/\/i0.wp.com\/www.bagfed.net\/wp-content\/uploads\/2023\/03\/04-Healing-Now-mp3-image.jpg?resize=150%2C150&ssl=1\",\"width\":150,\"height\":150}},{\"src\":\"https:\/\/www.bagfed.net\/wp-content\/uploads\/2023\/03\/06-Partis-pour-la-Vie.mp3\",\"type\":\"audio\/mpeg\",\"title\":\"Partis pour la Vie\",\"caption\":\"\",\"description\":\"\\u003Ci\\u003EPartis pour la Vie\\u003C\/i\\u003E tir\\u00e9 de \\u003Ci\\u003EBrand New Souls\\u003C\/i\\u003E par Bagfed. Date de sortie\\u00a0: 2022. Piste 6.\",\"meta\":{\"artist\":\"Bagfed\",\"album\":\"Brand New Souls\",\"year\":\"2022\",\"length_formatted\":\"4:26\"},\"image\":{\"src\":\"https:\/\/i0.wp.com\/www.bagfed.net\/wp-content\/uploads\/2023\/03\/04-Healing-Now-mp3-image.jpg?fit=1200%2C1200&ssl=1\",\"width\":1200,\"height\":1200},\"thumb\":{\"src\":\"https:\/\/i0.wp.com\/www.bagfed.net\/wp-content\/uploads\/2023\/03\/04-Healing-Now-mp3-image.jpg?resize=150%2C150&ssl=1\",\"width\":150,\"height\":150}},{\"src\":\"https:\/\/www.bagfed.net\/wp-content\/uploads\/2023\/03\/07-Everything-about-Life.mp3\",\"type\":\"audio\/mpeg\",\"title\":\"Everything about Life\",\"caption\":\"\",\"description\":\"\\u003Ci\\u003EEverything about Life\\u003C\/i\\u003E tir\\u00e9 de \\u003Ci\\u003EBrand New Souls\\u003C\/i\\u003E par Bagfed. Date de sortie\\u00a0: 2022. Piste 7.\",\"meta\":{\"artist\":\"Bagfed\",\"album\":\"Brand New Souls\",\"year\":\"2022\",\"length_formatted\":\"5:57\"},\"image\":{\"src\":\"https:\/\/i0.wp.com\/www.bagfed.net\/wp-content\/uploads\/2023\/03\/04-Healing-Now-mp3-image.jpg?fit=1200%2C1200&ssl=1\",\"width\":1200,\"height\":1200},\"thumb\":{\"src\":\"https:\/\/i0.wp.com\/www.bagfed.net\/wp-content\/uploads\/2023\/03\/04-Healing-Now-mp3-image.jpg?resize=150%2C150&ssl=1\",\"width\":150,\"height\":150}},{\"src\":\"https:\/\/www.bagfed.net\/wp-content\/uploads\/2023\/03\/08-Ups-and-Downs.mp3\",\"type\":\"audio\/mpeg\",\"title\":\"Ups and Downs\",\"caption\":\"\",\"description\":\"\\u003Ci\\u003EUps and Downs\\u003C\/i\\u003E tir\\u00e9 de \\u003Ci\\u003EBrand New Souls\\u003C\/i\\u003E par Bagfed. Date de sortie\\u00a0: 2022. Piste 8.\",\"meta\":{\"artist\":\"Bagfed\",\"album\":\"Brand New Souls\",\"year\":\"2022\",\"length_formatted\":\"4:08\"},\"image\":{\"src\":\"https:\/\/i0.wp.com\/www.bagfed.net\/wp-content\/uploads\/2023\/03\/04-Healing-Now-mp3-image.jpg?fit=1200%2C1200&ssl=1\",\"width\":1200,\"height\":1200},\"thumb\":{\"src\":\"https:\/\/i0.wp.com\/www.bagfed.net\/wp-content\/uploads\/2023\/03\/04-Healing-Now-mp3-image.jpg?resize=150%2C150&ssl=1\",\"width\":150,\"height\":150}}]}<\/script>\n<\/div>\n\t","protected":false},"excerpt":{"rendered":"<p>\u00ab\u00a0Brand New Souls\u00a0\u00bb (8 track album)<\/p>\n","protected":false},"author":1,"featured_media":160,"parent":0,"menu_order":0,"comment_status":"closed","ping_status":"closed","template":"","meta":{"footnotes":""},"class_list":["post-21","page","type-page","status-publish","has-post-thumbnail","hentry"],"jetpack-related-posts":[{"id":15,"url":"https:\/\/www.bagfed.net\/","url_meta":{"origin":21,"position":0},"title":"HOME","author":"seb","date":"12 septembre 2022","format":false,"excerpt":"Bienvenue sur notre site web ! D\u00e9couvrez les derni\u00e8res vid\u00e9os de notre cha\u00eene YouTube (abonnez-vous !) https:\/\/www.youtube.com\/watch?v=4B1xLVwGpR0 Le clip officiel de notre dernier single \"Ubuntu\" (disponible sur l'album Brand New Souls) https:\/\/www.youtube.com\/watch?v=btWAfe0Ir7I Le premier single de notre nouvel album \"Brand New Souls\" https:\/\/www.youtube.com\/watch?v=h-HMcv9sMyA Le clip de \"Looking Up\" https:\/\/www.youtube.com\/watch?v=zrooWcYfTs4&list=OLAK5uy_m496z1A1TEzy2w_QDd4xL4kE01j-NfiLQ Playlist\u2026","rel":"","context":"Article similaire","block_context":{"text":"Article similaire","link":""},"img":{"alt_text":"","src":"https:\/\/i0.wp.com\/img.youtube.com\/vi\/4B1xLVwGpR0\/0.jpg?resize=350%2C200","width":350,"height":200},"classes":[]},{"id":30,"url":"https:\/\/www.bagfed.net\/?page_id=30","url_meta":{"origin":21,"position":1},"title":"BIO","author":"seb","date":"12 septembre 2022","format":false,"excerpt":"Rock Groovy\u00a0: \u00e9pique, savoureux, aventureux, et puissant\u00a0! Soyez pr\u00eats pour des riffs accrocheurs, des surprises musicales, une poign\u00e9e de moments instrumentaux de haute voltige, toujours au service des chansons. Des paroles authentiques et profondes, qui parlent directement au coeur\u2026 D\u00e9couvrez Bagfed\u00a0! Rodolphe Hartig (Basse) R\u00e9gis Humbert (Batterie) S\u00e9bastien Dubail (Guitare\u2026","rel":"","context":"Article similaire","block_context":{"text":"Article similaire","link":""},"img":{"alt_text":"","src":"https:\/\/i0.wp.com\/www.bagfed.net\/wp-content\/uploads\/2022\/09\/DSC_4831_1920x1080.jpg?fit=1200%2C675&ssl=1&resize=350%2C200","width":350,"height":200,"srcset":"https:\/\/i0.wp.com\/www.bagfed.net\/wp-content\/uploads\/2022\/09\/DSC_4831_1920x1080.jpg?fit=1200%2C675&ssl=1&resize=350%2C200 1x, https:\/\/i0.wp.com\/www.bagfed.net\/wp-content\/uploads\/2022\/09\/DSC_4831_1920x1080.jpg?fit=1200%2C675&ssl=1&resize=525%2C300 1.5x, https:\/\/i0.wp.com\/www.bagfed.net\/wp-content\/uploads\/2022\/09\/DSC_4831_1920x1080.jpg?fit=1200%2C675&ssl=1&resize=700%2C400 2x, https:\/\/i0.wp.com\/www.bagfed.net\/wp-content\/uploads\/2022\/09\/DSC_4831_1920x1080.jpg?fit=1200%2C675&ssl=1&resize=1050%2C600 3x"},"classes":[]}],"jetpack_sharing_enabled":true,"_links":{"self":[{"href":"https:\/\/www.bagfed.net\/index.php?rest_route=\/wp\/v2\/pages\/21","targetHints":{"allow":["GET"]}}],"collection":[{"href":"https:\/\/www.bagfed.net\/index.php?rest_route=\/wp\/v2\/pages"}],"about":[{"href":"https:\/\/www.bagfed.net\/index.php?rest_route=\/wp\/v2\/types\/page"}],"author":[{"embeddable":true,"href":"https:\/\/www.bagfed.net\/index.php?rest_route=\/wp\/v2\/users\/1"}],"replies":[{"embeddable":true,"href":"https:\/\/www.bagfed.net\/index.php?rest_route=%2Fwp%2Fv2%2Fcomments&post=21"}],"version-history":[{"count":9,"href":"https:\/\/www.bagfed.net\/index.php?rest_route=\/wp\/v2\/pages\/21\/revisions"}],"predecessor-version":[{"id":249,"href":"https:\/\/www.bagfed.net\/index.php?rest_route=\/wp\/v2\/pages\/21\/revisions\/249"}],"wp:featuredmedia":[{"embeddable":true,"href":"https:\/\/www.bagfed.net\/index.php?rest_route=\/wp\/v2\/media\/160"}],"wp:attachment":[{"href":"https:\/\/www.bagfed.net\/index.php?rest_route=%2Fwp%2Fv2%2Fmedia&parent=21"}],"curies":[{"name":"wp","href":"https:\/\/api.w.org\/{rel}","templated":true}]}}