{"id":30,"date":"2022-09-12T01:56:24","date_gmt":"2022-09-11T23:56:24","guid":{"rendered":"https:\/\/bagfed.dubail.ml\/?page_id=30"},"modified":"2023-03-03T17:12:55","modified_gmt":"2023-03-03T16:12:55","slug":"bio","status":"publish","type":"page","link":"https:\/\/www.bagfed.net\/?page_id=30","title":{"rendered":"BIO"},"content":{"rendered":"\n<p>Rock Groovy\u00a0: \u00e9pique, savoureux, aventureux, et puissant\u00a0! Soyez pr\u00eats pour des riffs accrocheurs, des surprises musicales, une poign\u00e9e de moments instrumentaux de haute voltige, toujours au service des chansons. Des paroles authentiques et profondes, qui parlent directement au coeur\u2026 D\u00e9couvrez Bagfed\u00a0!<\/p>\n\n\n\n<figure class=\"wp-block-gallery has-nested-images columns-default is-cropped wp-block-gallery-1 is-layout-flex wp-block-gallery-is-layout-flex\">\n<figure class=\"wp-block-image size-large\"><img data-recalc-dims=\"1\" loading=\"lazy\" decoding=\"async\" width=\"920\" height=\"615\" data-id=\"203\" src=\"https:\/\/i0.wp.com\/bagfed.dubail.ml\/wp-content\/uploads\/2023\/03\/DSC_4787-1024x684.jpg?resize=920%2C615&#038;ssl=1\" alt=\"Portrait - Rodolphe Hartig\" class=\"wp-image-203\" srcset=\"https:\/\/i0.wp.com\/www.bagfed.net\/wp-content\/uploads\/2023\/03\/DSC_4787-scaled.jpg?resize=1024%2C684&amp;ssl=1 1024w, https:\/\/i0.wp.com\/www.bagfed.net\/wp-content\/uploads\/2023\/03\/DSC_4787-scaled.jpg?resize=300%2C200&amp;ssl=1 300w, https:\/\/i0.wp.com\/www.bagfed.net\/wp-content\/uploads\/2023\/03\/DSC_4787-scaled.jpg?resize=768%2C513&amp;ssl=1 768w, https:\/\/i0.wp.com\/www.bagfed.net\/wp-content\/uploads\/2023\/03\/DSC_4787-scaled.jpg?resize=1536%2C1025&amp;ssl=1 1536w, https:\/\/i0.wp.com\/www.bagfed.net\/wp-content\/uploads\/2023\/03\/DSC_4787-scaled.jpg?resize=2048%2C1367&amp;ssl=1 2048w, https:\/\/i0.wp.com\/www.bagfed.net\/wp-content\/uploads\/2023\/03\/DSC_4787-scaled.jpg?w=1840&amp;ssl=1 1840w\" sizes=\"auto, (max-width: 920px) 100vw, 920px\" \/><figcaption class=\"wp-element-caption\">Rodolphe Hartig (Basse)<\/figcaption><\/figure>\n\n\n\n<figure class=\"wp-block-image size-large\"><img data-recalc-dims=\"1\" loading=\"lazy\" decoding=\"async\" width=\"684\" height=\"1024\" data-id=\"206\" src=\"https:\/\/i0.wp.com\/bagfed.dubail.ml\/wp-content\/uploads\/2023\/03\/DSC_4773-684x1024.jpg?resize=684%2C1024&#038;ssl=1\" alt=\"Portrait - R\u00e9gis Humbert\" class=\"wp-image-206\" srcset=\"https:\/\/i0.wp.com\/www.bagfed.net\/wp-content\/uploads\/2023\/03\/DSC_4773-scaled.jpg?resize=684%2C1024&amp;ssl=1 684w, https:\/\/i0.wp.com\/www.bagfed.net\/wp-content\/uploads\/2023\/03\/DSC_4773-scaled.jpg?resize=200%2C300&amp;ssl=1 200w, https:\/\/i0.wp.com\/www.bagfed.net\/wp-content\/uploads\/2023\/03\/DSC_4773-scaled.jpg?resize=768%2C1151&amp;ssl=1 768w, https:\/\/i0.wp.com\/www.bagfed.net\/wp-content\/uploads\/2023\/03\/DSC_4773-scaled.jpg?resize=1025%2C1536&amp;ssl=1 1025w, https:\/\/i0.wp.com\/www.bagfed.net\/wp-content\/uploads\/2023\/03\/DSC_4773-scaled.jpg?resize=1367%2C2048&amp;ssl=1 1367w, https:\/\/i0.wp.com\/www.bagfed.net\/wp-content\/uploads\/2023\/03\/DSC_4773-scaled.jpg?w=1709&amp;ssl=1 1709w\" sizes=\"auto, (max-width: 684px) 100vw, 684px\" \/><figcaption class=\"wp-element-caption\">R\u00e9gis Humbert (Batterie)<\/figcaption><\/figure>\n\n\n\n<figure class=\"wp-block-image size-large\"><img data-recalc-dims=\"1\" loading=\"lazy\" decoding=\"async\" width=\"684\" height=\"1024\" data-id=\"204\" src=\"https:\/\/i0.wp.com\/bagfed.dubail.ml\/wp-content\/uploads\/2023\/03\/DSC_4798-684x1024.jpg?resize=684%2C1024&#038;ssl=1\" alt=\"Portrait - S\u00e9bastien Dubail\" class=\"wp-image-204\" srcset=\"https:\/\/i0.wp.com\/www.bagfed.net\/wp-content\/uploads\/2023\/03\/DSC_4798-scaled.jpg?resize=684%2C1024&amp;ssl=1 684w, https:\/\/i0.wp.com\/www.bagfed.net\/wp-content\/uploads\/2023\/03\/DSC_4798-scaled.jpg?resize=200%2C300&amp;ssl=1 200w, https:\/\/i0.wp.com\/www.bagfed.net\/wp-content\/uploads\/2023\/03\/DSC_4798-scaled.jpg?resize=768%2C1150&amp;ssl=1 768w, https:\/\/i0.wp.com\/www.bagfed.net\/wp-content\/uploads\/2023\/03\/DSC_4798-scaled.jpg?resize=1025%2C1536&amp;ssl=1 1025w, https:\/\/i0.wp.com\/www.bagfed.net\/wp-content\/uploads\/2023\/03\/DSC_4798-scaled.jpg?resize=1367%2C2048&amp;ssl=1 1367w, https:\/\/i0.wp.com\/www.bagfed.net\/wp-content\/uploads\/2023\/03\/DSC_4798-scaled.jpg?w=1709&amp;ssl=1 1709w\" sizes=\"auto, (max-width: 684px) 100vw, 684px\" \/><figcaption class=\"wp-element-caption\">S\u00e9bastien Dubail (Guitare \/ Chant)<\/figcaption><\/figure>\n\n\n\n<figure class=\"wp-block-image size-large\"><img data-recalc-dims=\"1\" loading=\"lazy\" decoding=\"async\" width=\"920\" height=\"518\" data-id=\"10\" src=\"https:\/\/i0.wp.com\/bagfed.dubail.ml\/wp-content\/uploads\/2022\/09\/DSC_4831_1920x1080-1024x576.jpg?resize=920%2C518&#038;ssl=1\" alt=\"\" class=\"wp-image-10\" srcset=\"https:\/\/i0.wp.com\/www.bagfed.net\/wp-content\/uploads\/2022\/09\/DSC_4831_1920x1080.jpg?resize=1024%2C576&amp;ssl=1 1024w, https:\/\/i0.wp.com\/www.bagfed.net\/wp-content\/uploads\/2022\/09\/DSC_4831_1920x1080.jpg?resize=300%2C169&amp;ssl=1 300w, https:\/\/i0.wp.com\/www.bagfed.net\/wp-content\/uploads\/2022\/09\/DSC_4831_1920x1080.jpg?resize=768%2C432&amp;ssl=1 768w, https:\/\/i0.wp.com\/www.bagfed.net\/wp-content\/uploads\/2022\/09\/DSC_4831_1920x1080.jpg?resize=1536%2C864&amp;ssl=1 1536w, https:\/\/i0.wp.com\/www.bagfed.net\/wp-content\/uploads\/2022\/09\/DSC_4831_1920x1080.jpg?w=1920&amp;ssl=1 1920w, https:\/\/i0.wp.com\/www.bagfed.net\/wp-content\/uploads\/2022\/09\/DSC_4831_1920x1080.jpg?w=1840&amp;ssl=1 1840w\" sizes=\"auto, (max-width: 920px) 100vw, 920px\" \/><figcaption class=\"wp-element-caption\">Bagfed<\/figcaption><\/figure>\n<\/figure>\n\n\n\n<p>Depuis sa formation en 2002, Bagfed aura finalement consolid\u00e9 son noyau dur autour de R\u00e9gis Humbert (batterie) et S\u00e9bastien Dubail (guitare\/chant), membres fondateurs, rejoint par Rodolphe Hartig (basse) en 2010. Apr\u00e8s un EP 6 titres en 2013 (\u00ab\u00a0Throw it Away\u00a0\u00bb) et un single sorti en 2017 (\u00ab<a href=\"https:\/\/www.youtube.com\/watch?v=h-HMcv9sMyA\" target=\"_blank\" rel=\"noreferrer noopener\">\u00a0Looking Up\u00a0<\/a>\u00bb, clip visible sur Youtube), ce trio nous propose de d\u00e9couvrir leurs derni\u00e8res compositions r\u00e9unies sur un nouvel album \u00ab\u00a0Brand New Souls\u00a0\u00bb dont le <a href=\"https:\/\/www.youtube.com\/watch?v=Kh3hKSeAbt4\" target=\"_blank\" rel=\"noreferrer noopener\">premier single sort en Mars 2023 sur Youtube<\/a>. Un album enti\u00e8rement autoproduit qui a pris le temps de m\u00fbrir afin de pr\u00e9senter un travail abouti, sans compromis, dans la lign\u00e9e du rock progressif ou ind\u00e9pendant, avec des textes en anglais et en fran\u00e7ais.<\/p>\n\n\n\n<p>Si l\u2019influence de TOTO est \u00e9vidente dans leur approche, cet album vari\u00e9 flirte avec le rock, la pop, et le jazz, sans jamais s\u2019aligner sur les formats existants, avec libert\u00e9 et audace. <\/p>\n\n\n\n<p>Un m\u00e9lange de styles unique en son genre\u00a0!<\/p>\n\n\n\n<p>(EN)<\/p>\n\n\n\n<p>Groovy Rock from France &#8211; Epic, tasteful, adventurous and powerful !<br>Be prepared for groovy riffs, musical surprises, a handful of instrumental highlights, always serving the song. Meaningful and deep lyrics speaking directly to the heart.<br>Meet Bagfed !<\/p>\n\n\n\n<p>Since the start in 2002, Bagfed has finally consolidated its core team around R\u00e9gis Humbert (drums) and S\u00e9bastien Dubail (guitar\/vocals), founding members, joined by Rodolphe Hartig (bass) in 2010. After a 6-track EP in 2013 (\u00ab\u00a0Throw it Away\u00a0\u00bb) and a single released in 2017 (\u00ab\u00a0<a href=\"https:\/\/www.youtube.com\/watch?v=h-HMcv9sMyA\" target=\"_blank\" rel=\"noreferrer noopener\">Looking Up<\/a>\u00ab\u00a0, video available on Youtube), this trio invites us discover their latest compositions gathered on a new album \u00ab\u00a0Brand New Souls\u00a0\u00bb whose <a href=\"https:\/\/www.youtube.com\/watch?v=Kh3hKSeAbt4\" target=\"_blank\" rel=\"noreferrer noopener\">first single is released in March 2023 on Youtube<\/a>. An entirely self-produced album which took time to mature in order to present an accomplished work, without compromise, in line with progressive or independent rock, with both English and French lyrics.<\/p>\n\n\n\n<p>If TOTO&rsquo;s influence is obvious in their music, this diverse album flirts with rock, pop, and jazz, without aligning itself on any existing format, with freedom and audacity. <\/p>\n\n\n\n<p>A very unique blend of styles!<\/p>\n","protected":false},"excerpt":{"rendered":"<p>Rock Groovy\u00a0: \u00e9pique, savoureux, aventureux, et puissant\u00a0! Soyez pr\u00eats pour des riffs accrocheurs, des surprises musicales, une poign\u00e9e de moments instrumentaux de haute voltige, toujours au service des chansons. Des paroles authentiques et profondes, qui parlent directement au coeur\u2026 D\u00e9couvrez Bagfed\u00a0! Depuis sa formation en 2002, Bagfed aura finalement consolid\u00e9 son noyau dur autour de R\u00e9gis Humbert (batterie) et S\u00e9bastien Dubail (guitare\/chant), membres fondateurs, rejoint par Rodolphe Hartig (basse) en 2010. Apr\u00e8s un EP 6 titres en 2013 (\u00ab\u00a0Throw it Away\u00a0\u00bb) et un single sorti en 2017 (\u00ab\u00a0Looking Up\u00a0\u00bb, clip visible sur Youtube), ce trio nous propose de d\u00e9couvrir leurs derni\u00e8res compositions r\u00e9unies sur un nouvel album \u00ab\u00a0Brand New Souls\u00a0\u00bb dont le premier single sort en Mars 2023 sur Youtube. Un album enti\u00e8rement autoproduit qui a pris le temps de m\u00fbrir afin de pr\u00e9senter un travail abouti, sans compromis, dans la lign\u00e9e du rock progressif ou ind\u00e9pendant, avec des textes<\/p>\n<p class=\"more-link\"><a class=\"button\" href=\"https:\/\/www.bagfed.net\/?page_id=30\" class=\"readmore\">Continue reading<span class=\"screen-reader-text\">BIO<\/span><\/a><\/p>\n","protected":false},"author":1,"featured_media":10,"parent":0,"menu_order":0,"comment_status":"closed","ping_status":"closed","template":"","meta":{"footnotes":""},"class_list":["post-30","page","type-page","status-publish","has-post-thumbnail","hentry"],"jetpack-related-posts":[],"jetpack_sharing_enabled":true,"_links":{"self":[{"href":"https:\/\/www.bagfed.net\/index.php?rest_route=\/wp\/v2\/pages\/30","targetHints":{"allow":["GET"]}}],"collection":[{"href":"https:\/\/www.bagfed.net\/index.php?rest_route=\/wp\/v2\/pages"}],"about":[{"href":"https:\/\/www.bagfed.net\/index.php?rest_route=\/wp\/v2\/types\/page"}],"author":[{"embeddable":true,"href":"https:\/\/www.bagfed.net\/index.php?rest_route=\/wp\/v2\/users\/1"}],"replies":[{"embeddable":true,"href":"https:\/\/www.bagfed.net\/index.php?rest_route=%2Fwp%2Fv2%2Fcomments&post=30"}],"version-history":[{"count":2,"href":"https:\/\/www.bagfed.net\/index.php?rest_route=\/wp\/v2\/pages\/30\/revisions"}],"predecessor-version":[{"id":207,"href":"https:\/\/www.bagfed.net\/index.php?rest_route=\/wp\/v2\/pages\/30\/revisions\/207"}],"wp:featuredmedia":[{"embeddable":true,"href":"https:\/\/www.bagfed.net\/index.php?rest_route=\/wp\/v2\/media\/10"}],"wp:attachment":[{"href":"https:\/\/www.bagfed.net\/index.php?rest_route=%2Fwp%2Fv2%2Fmedia&parent=30"}],"curies":[{"name":"wp","href":"https:\/\/api.w.org\/{rel}","templated":true}]}}